{"id":568,"date":"2016-09-12T09:02:46","date_gmt":"2016-09-12T07:02:46","guid":{"rendered":"http:\/\/engelholm.com\/en\/?page_id=568"},"modified":"2016-11-21T15:32:43","modified_gmt":"2016-11-21T14:32:43","slug":"about-aengelholm-trade-industry","status":"publish","type":"page","link":"https:\/\/engelholm.com\/en\/about-aengelholm-trade-industry\/","title":{"rendered":"About  \u00c4ngelholm trade &#038; industry"},"content":{"rendered":"<h1>BUSINESS<\/h1>\n<div class=\"content\">\n<p>Welcome to \u00c4ngelholm Business Ltd. We have a collective mission to develop and market \u00c4ngelholm to residents, visitors, immigrants and entrepreneurs. With a shared service center we can make the most out of all the contacts that come in \u2013 all controlled by a single brand strategy for \u00c4ngelholm. We coordinate all marketing to get the most out of the funds deployed in close cooperation with the municipality of \u00c4ngelholm.<\/p>\n<p>We are a supporting part to start-ups and we help existing business development and strive to satisfy our client companies\u2019 interests. Together with the municipality, we work to develop \u00c4ngelholm aiming at sustainable economic growth. Through integrated marketing and a number of events, we are developing the town of \u00c4ngelholm as a commercial and cultural center. \u00c4ngelholm Business Ltd run \u00c4ngelholm Tourist Office which continues its mission with product development, information and guest reception.<\/p>\n<p>\u00c4ngelholm is a great place to live, run a business and has well-established \u00a0trade and tourism. In \u00c4ngelholm, it\u2019s easy to live well!\u00a0Would you like to be involved in developing the economy of \u00c4ngelholm? And at the same time be a part of a community and take advantage of client benefits that will help your business?<br \/>\nGive us a call and we will love to tell you more about us and how you can join!<\/p>\n<\/div>\n<h1>INVEST IN \u00c4NGELHOLM<\/h1>\n<div class=\"content\">\n<p><strong>\u00c4ngelholm \u2013 where it is hard not to enjoy life<\/strong><\/p>\n<p>In this perfect location close to the sea, forests and hills, enjoying life is easy \u2013 every day! The R\u00f6nne River floats through the town centre and enters the sea in Sk\u00e4lderviken, adding to the pleasant atmosphere. Six kilometres of sandy beaches, the Kronoskogen forest and the picturesque town centre are other appealing features of \u00c4ngelholm.<\/p>\n<p>The town was founded by Danish king Christian II in 1516 and started attracting large numbers of tourists at the beginning of the 20th century, when one of Sweden\u2019s first urban summer residential areas \u2013 \u00c4ngelholm\u2019s Havsbad \u2013 was planned and built here.<\/p>\n<p>\u00c4ngelholm is charming both to visit and live in and it has its share of celebrities, like singer Jill Johnsson, former NHL player Kenny J\u00f6nsson and food creator Rickard Nilsson.<\/p>\n<p><strong>Province<\/strong> Sk\u00e5ne<br \/>\n<strong>State<\/strong> Sk\u00e5ne L\u00e4n<br \/>\n<strong>Municipality<\/strong> \u00c4ngelholms kommun<br \/>\n<strong>Coordinates<\/strong> 56\u00b015\u2032N 12\u00b051\u2032E<br \/>\n<strong>Area<\/strong> 1 283,34 hectares<br \/>\n<strong>Population<\/strong> ca 25.000 agglomeration, 40.000 municipality<br \/>\n<strong>Communication<\/strong> E6, V\u00e4stkustbanan and \u00c4ngelholm Helsingborgs Airport<br \/>\n<strong>Famous Companies<\/strong> Engelholms Glass, Prisjakt , HemoCue, Marco, Rittal and Koenigsegg<\/p>\n<p><strong>Over 35 000 companies are registered in our region.<\/strong><br \/>\nThere are excellent opportunities for vacant land, premises for every need and well developed business areas.<\/p>\n<p><a href=\"http:\/\/i0.wp.com\/engelholm.com\/wp-content\/uploads\/2013\/04\/satellitkarta.jpg\"><img loading=\"lazy\" class=\" size-thumbnail wp-image-489 alignright\" src=\"http:\/\/i0.wp.com\/engelholm.com\/wp-content\/uploads\/2013\/04\/satellitkarta.jpg?resize=150%2C150\" sizes=\"(max-width: 150px) 100vw, 150px\" srcset=\"http:\/\/i0.wp.com\/engelholm.com\/wp-content\/uploads\/2013\/04\/satellitkarta.jpg?resize=150%2C150 150w, http:\/\/i0.wp.com\/engelholm.com\/wp-content\/uploads\/2013\/04\/satellitkarta.jpg?resize=100%2C100 100w, http:\/\/i0.wp.com\/engelholm.com\/wp-content\/uploads\/2013\/04\/satellitkarta.jpg?w=200 200w\" alt=\"satellitkarta\" width=\"150\" height=\"150\" \/><\/a><\/p>\n<p>&nbsp;<\/p>\n<p>&nbsp;<\/p>\n<p><strong>Why choose our region?<\/strong><br \/>\nHere you will find 11 reasons why you should choose to establish your business in \u00c4ngelholm and our region<br \/>\n\u2022\u00a0Strategically placed in the expanding \u00d6resund region<br \/>\n\u2022\u00a0335 399 inhabitants, more than a quarter of the population of Scania<br \/>\n\u2022\u00a0Our Region\u00a0population is constantly increasing<br \/>\n\u2022\u00a0Most of the municipalities in the region show improvements in the business climate in 2014 according to Swedish industry ranking of the business environment in Sweden.<br \/>\n\u2022\u00a0The region has more than 35 000 registered companies with 100 000 employees<br \/>\n\u2022\u00a023 active railway stations as well as an extensive network of bus routes, and location next to the European roads E4, E6 and E20<br \/>\n\u2022\u00a0Sweden\u2019s second largest container port in Helsingborg<br \/>\n\u2022\u00a0Food and fresh produce cluster<br \/>\n\u2022\u00a0Access to 3 commercial sites in the surrounding area (\u00c4ngelholm\/Helsingborg, Malm\u00f6, Copenhagen)<br \/>\n\u2022\u00a0Sweden\u2019s Golf destination No. 1 with 31 golf courses<br \/>\n\u2022\u00a0International school from Primary to Diploma<\/p>\n<p>Please contact Business Development Manager, Louise Modig\u00a0for more information<br \/>\n+46 431 41 20 00<\/p>\n<\/div>\n<h1><\/h1>\n<div class=\"content\"><\/div>\n<article>\n<div class=\"content\">\n<p>&nbsp;<\/p>\n<p>&nbsp;<\/p>\n<\/div>\n<\/article>\n","protected":false},"excerpt":{"rendered":"<p>BUSINESS Welcome to \u00c4ngelholm Business Ltd. We have a collective mission to develop and market \u00c4ngelholm to residents, visitors, immigrants and entrepreneurs. With a shared service center we can make the most out of all the contacts that come in \u2013 all controlled by a single brand strategy for \u00c4ngelholm. We coordinate all marketing to [&hellip;]<\/p>\n","protected":false},"author":1,"featured_media":722,"parent":0,"menu_order":0,"comment_status":"closed","ping_status":"closed","template":"normal.php","meta":[],"categories":[],"acf":[],"yoast_head":"<!-- This site is optimized with the Yoast SEO plugin v17.7.1 - https:\/\/yoast.com\/wordpress\/plugins\/seo\/ -->\n<title>V\u00e4lkommen till \u00c4ngelholm!<\/title>\n<meta name=\"robots\" content=\"index, follow, max-snippet:-1, max-image-preview:large, max-video-preview:-1\" \/>\n<link rel=\"canonical\" href=\"https:\/\/engelholm.com\/0\" \/>\n<meta property=\"og:locale\" content=\"en_US\" \/>\n<meta property=\"og:type\" content=\"article\" \/>\n<meta property=\"og:description\" content=\"BUSINESS Welcome to \u00c4ngelholm Business Ltd. We have a collective mission to develop and market \u00c4ngelholm to residents, visitors, immigrants and entrepreneurs. With a shared service center we can make the most out of all the contacts that come in \u2013 all controlled by a single brand strategy for \u00c4ngelholm. We coordinate all marketing to [&hellip;]\" \/>\n<meta property=\"og:url\" content=\"0\" \/>\n<meta property=\"og:site_name\" content=\"V\u00e4lkommen till \u00c4ngelholm!\" \/>\n<meta property=\"article:modified_time\" content=\"2016-11-21T14:32:43+00:00\" \/>\n<meta property=\"og:image\" content=\"https:\/\/engelholm.com\/wp-content\/uploads\/2016\/09\/ateljelena-fotograf-protosell-srgb-48-1920x1280.jpg\" \/>\n\t<meta property=\"og:image:width\" content=\"1920\" \/>\n\t<meta property=\"og:image:height\" content=\"1280\" \/>\n<meta name=\"twitter:card\" content=\"summary\" \/>\n<script type=\"application\/ld+json\" class=\"yoast-schema-graph\">{\"@context\":\"https:\/\/schema.org\",\"@graph\":[{\"@type\":\"WebSite\",\"@id\":\"0\/#website\",\"url\":\"0\/\",\"name\":\"V\\u00e4lkommen till \\u00c4ngelholm!\",\"description\":\"\",\"potentialAction\":[{\"@type\":\"SearchAction\",\"target\":{\"@type\":\"EntryPoint\",\"urlTemplate\":\"0\/?s={search_term_string}\"},\"query-input\":\"required name=search_term_string\"}],\"inLanguage\":\"en-US\"},{\"@type\":\"WebPage\",\"@id\":\"https:\/\/engelholm.com\/0#webpage\",\"url\":\"https:\/\/engelholm.com\/0\",\"name\":\"\",\"isPartOf\":{\"@id\":\"0\/#website\"},\"breadcrumb\":{\"@id\":\"https:\/\/engelholm.com\/0#breadcrumb\"},\"inLanguage\":\"en-US\",\"potentialAction\":[{\"@type\":\"ReadAction\",\"target\":[\"https:\/\/engelholm.com\/0\"]}]},{\"@type\":\"BreadcrumbList\",\"@id\":\"https:\/\/engelholm.com\/0#breadcrumb\",\"itemListElement\":[{\"@type\":\"ListItem\",\"position\":1,\"name\":\"Hem\"},{\"@type\":\"ListItem\",\"position\":2,\"name\":\"0\"}]}]}<\/script>\n<!-- \/ Yoast SEO plugin. -->","yoast_head_json":{"title":"V\u00e4lkommen till \u00c4ngelholm!","robots":{"index":"index","follow":"follow","max-snippet":"max-snippet:-1","max-image-preview":"max-image-preview:large","max-video-preview":"max-video-preview:-1"},"canonical":"https:\/\/engelholm.com\/0","og_locale":"en_US","og_type":"article","og_description":"BUSINESS Welcome to \u00c4ngelholm Business Ltd. We have a collective mission to develop and market \u00c4ngelholm to residents, visitors, immigrants and entrepreneurs. With a shared service center we can make the most out of all the contacts that come in \u2013 all controlled by a single brand strategy for \u00c4ngelholm. We coordinate all marketing to [&hellip;]","og_site_name":"V\u00e4lkommen till \u00c4ngelholm!","article_modified_time":"2016-11-21T14:32:43+00:00","og_image":[{"width":1920,"height":1280,"url":"https:\/\/engelholm.com\/wp-content\/uploads\/2016\/09\/ateljelena-fotograf-protosell-srgb-48-1920x1280.jpg","type":"image\/jpeg"}],"twitter_card":"summary","schema":{"@context":"https:\/\/schema.org","@graph":[{"@type":"WebSite","@id":"0\/#website","url":"0\/","name":"V\u00e4lkommen till \u00c4ngelholm!","description":"","potentialAction":[{"@type":"SearchAction","target":{"@type":"EntryPoint","urlTemplate":"0\/?s={search_term_string}"},"query-input":"required name=search_term_string"}],"inLanguage":"en-US"},{"@type":"WebPage","@id":"https:\/\/engelholm.com\/0#webpage","url":"https:\/\/engelholm.com\/0","name":"","isPartOf":{"@id":"0\/#website"},"breadcrumb":{"@id":"https:\/\/engelholm.com\/0#breadcrumb"},"inLanguage":"en-US","potentialAction":[{"@type":"ReadAction","target":["https:\/\/engelholm.com\/0"]}]},{"@type":"BreadcrumbList","@id":"https:\/\/engelholm.com\/0#breadcrumb","itemListElement":[{"@type":"ListItem","position":1,"name":"Hem"},{"@type":"ListItem","position":2,"name":"0"}]}]}},"_links":{"self":[{"href":"https:\/\/engelholm.com\/en\/wp-json\/wp\/v2\/pages\/568"}],"collection":[{"href":"https:\/\/engelholm.com\/en\/wp-json\/wp\/v2\/pages"}],"about":[{"href":"https:\/\/engelholm.com\/en\/wp-json\/wp\/v2\/types\/page"}],"author":[{"embeddable":true,"href":"https:\/\/engelholm.com\/en\/wp-json\/wp\/v2\/users\/1"}],"replies":[{"embeddable":true,"href":"https:\/\/engelholm.com\/en\/wp-json\/wp\/v2\/comments?post=568"}],"version-history":[{"count":4,"href":"https:\/\/engelholm.com\/en\/wp-json\/wp\/v2\/pages\/568\/revisions"}],"predecessor-version":[{"id":717,"href":"https:\/\/engelholm.com\/en\/wp-json\/wp\/v2\/pages\/568\/revisions\/717"}],"wp:featuredmedia":[{"embeddable":true,"href":"https:\/\/engelholm.com\/en\/wp-json\/wp\/v2\/media\/722"}],"wp:attachment":[{"href":"https:\/\/engelholm.com\/en\/wp-json\/wp\/v2\/media?parent=568"}],"wp:term":[{"taxonomy":"category","embeddable":true,"href":"https:\/\/engelholm.com\/en\/wp-json\/wp\/v2\/categories?post=568"}],"curies":[{"name":"wp","href":"https:\/\/api.w.org\/{rel}","templated":true}]}}